{"id":1594,"date":"2016-02-02T10:57:11","date_gmt":"2016-02-02T09:57:11","guid":{"rendered":"http:\/\/livresplies.fr\/?page_id=1594"},"modified":"2024-02-29T14:45:45","modified_gmt":"2024-02-29T13:45:45","slug":"decoup-pliage","status":"publish","type":"page","link":"https:\/\/livresplies.fr\/?page_id=1594","title":{"rendered":"DECOUP&rsquo; PLIAGE"},"content":{"rendered":"<p style=\"text-align: justify;\"><span style=\"text-decoration: underline; color: #0000ff;\"><em><strong>R\u00e9alisez vous-m\u00eame vos pliages et d\u00e9coup&rsquo;pliages, c&rsquo;est m\u00e9ticuleux mais pas difficile ; le plaisir du cadeau personnalis\u00e9 et fait par vous-m\u00eame.\u00a0<\/strong><\/em><\/span><\/p>\n<p style=\"text-align: justify;\"><strong><span style=\"color: #000080;\">Un grand MERCI \u00e0 vous tous pour vos contributions de photos, je suis loin d&rsquo;\u00eatre en mesure de tout r\u00e9aliser. Les photos illustrant les mod\u00e8les ne sont pas contractuelles d&rsquo;un r\u00e9sultat identique le m\u00eame patron en d\u00e9coup&rsquo;pliage peut \u00eatre r\u00e9alis\u00e9 de plusieurs fa\u00e7ons (positif, n\u00e9gatif ou m\u00eame mixte)\u00a0 ; une r\u00e9alisation reste un choix personnel et le r\u00e9sultat d&rsquo;une technicit\u00e9 plus ou moins grande.<\/span><\/strong><\/p>\n<p style=\"text-align: center;\"><span style=\"color: #000080;\"><strong>Des patrons partag\u00e9s (par moi-m\u00eame ou par des ami(e)s passionn\u00e9(e)s) \u00a0ou vendus se retrouvent souvent, et c&rsquo;est permis, vendus pli\u00e9s sur divers sites ; je souhaiterais que l&rsquo;origine du patron soit sp\u00e9cifi\u00e9e par simple courtoisie. Merci !<\/strong><\/span><\/p>\n<p><em><strong>Sauf prix sp\u00e9cifi\u00e9, \u00a0un patron de d\u00e9coup&rsquo;pliage est \u00e0 4 \u20ac<\/strong><\/em><\/p>\n<p style=\"text-align: left;\"><a href=\"http:\/\/livresplies.fr\/?p=1955\" rel=\"noopener noreferrer\"><img loading=\"lazy\" decoding=\"async\" class=\"\" src=\"http:\/\/livresplies.fr\/wp-content\/uploads\/ardoise-partage-150x113.jpg\" alt=\"ardoise partage\" width=\"119\" height=\"90\" \/><\/a>\u00a0 \u00a0 \u00a0 \u00a0 \u00a0 \u00a0 \u00a0 \u00a0 \u00a0 \u00a0 \u00a0 \u00a0 \u00a0 \u00a0 \u00a0 \u00a0 \u00a0<a href=\"http:\/\/livresplies.fr\/?p=1952\" rel=\"noopener noreferrer\"><img loading=\"lazy\" decoding=\"async\" class=\"\" src=\"http:\/\/livresplies.fr\/wp-content\/uploads\/ardoise-vente-150x113.jpg\" alt=\"ardoise vente\" width=\"114\" height=\"86\" \/><\/a><\/p>\n<p style=\"text-align: left;\"><strong>Vous savez faire, cliquez directement sur l&rsquo;ardoise de votre choix<\/strong><\/p>\n<h3 style=\"text-align: center;\"><span style=\"text-decoration: underline;\"><strong>Apprendre les techniques de D\u00e9coup&rsquo;pliage<\/strong><\/span><\/h3>\n<p>&nbsp;<\/p>\n<h4>Tuto-Express Decoup&rsquo;pliage <a href=\"https:\/\/livresplies.fr\/wp-content\/uploads\/tuto-decoup-pliage.pdf\" target=\"_blank\" rel=\"noopener noreferrer\"><img loading=\"lazy\" decoding=\"async\" class=\"alignnone wp-image-6396\" src=\"https:\/\/livresplies.fr\/wp-content\/uploads\/logo-150x75.jpg\" alt=\"\" width=\"102\" height=\"51\" srcset=\"https:\/\/livresplies.fr\/wp-content\/uploads\/logo-150x75.jpg 150w, https:\/\/livresplies.fr\/wp-content\/uploads\/logo-300x150.jpg 300w, https:\/\/livresplies.fr\/wp-content\/uploads\/logo.jpg 318w\" sizes=\"auto, (max-width: 102px) 100vw, 102px\" \/><\/a> :<\/h4>\n<p style=\"text-align: justify;\"><span style=\"color: #000000;\">Le D\u00e9coup&rsquo;pliage est plus r\u00e9cent que le pliage, il nous est arriv\u00e9 des pays anglophones (Cut and fold), le fait de d\u00e9couper la tranche des livres ouvre de nouveaux horizons quant \u00e0 la d\u00e9finition que l&rsquo;on peut obtenir et permet des dessins plus d\u00e9taill\u00e9s.<\/span><\/p>\n<p style=\"text-align: justify;\"><span style=\"color: #000000;\">Il existe plusieurs m\u00e9thodes de D\u00e9coup&rsquo;pliage. Chacune d&rsquo;elle a ses adeptes, \u00a0le r\u00e9sultat est l\u00e9g\u00e8rement diff\u00e9rent.<\/span><\/p>\n<p style=\"text-align: justify;\"><span style=\"color: #000000;\">Dans le tutoriel ci-dessous, je vous en explique deux :<\/span><\/p>\n<ul>\n<li style=\"text-align: justify;\"><span style=\"color: #0000ff;\">m\u00e9thode 1<\/span> : <span style=\"color: #000000;\">D\u00e9coupage sur la tranche d&rsquo;une feuille sur deux, on alterne avec une feuille repli\u00e9e.\u00a0\u00a0Le motif des d\u00e9coupes se forme sur la tranche.<\/span><\/li>\n<li style=\"text-align: justify;\"><span style=\"color: #0000ff;\">m\u00e9thode 2<\/span> : <span style=\"color: #000000;\">Chaque feuille est repli\u00e9e (entre 2 et 3 cm) avant d&rsquo;\u00eatre d\u00e9coup\u00e9e. Le motif est en retrait de la tranche du livre.<\/span><\/li>\n<\/ul>\n<p style=\"text-align: justify;\"><span style=\"color: #000000;\">A vous de choisir ! Chacune de ces m\u00e9thodes peut avoir un patron sp\u00e9cifique sans que cela soit obligatoire.<\/span><\/p>\n<p style=\"text-align: justify;\"><span style=\"color: #000000;\">On peut varier les techniques (<\/span><span style=\"text-decoration: underline;\"><span style=\"color: #000000; text-decoration: underline;\">except\u00e9, \u00e0 mon avis, plier toutes les feuilles sur la tranche du livre sans feuilles intercal\u00e9es, le r\u00e9sulta<\/span>t manquerai d&rsquo;\u00e9paisseur) .<\/span><\/p>\n<p style=\"text-align: justify;\"><span style=\"color: #000000;\"><strong>Voici 2 r\u00e9alisations qui m&rsquo;ont \u00e9t\u00e9 envoy\u00e9es par St\u00e9phanie et Evelyne. Ces 2 r\u00e9alisations du m\u00eame patron me permettent d&rsquo;aborder un sujet qui revient souvent dans les questions que je re\u00e7ois \u00ab\u00a0Est-on oblig\u00e9 de faire un repli de la feuille avant de d\u00e9couper ?\u00a0\u00bb \u00ab\u00a0Pourquoi faire un repli de la feuille ?\u00a0\u00bb \u00ab\u00a0Peut-on s&rsquo;en passer ?\u00a0\u00bb Rien de mieux que de comparer ces 2 r\u00e9alisations. Le repli de la feuille donne de l&rsquo;\u00e9paisseur au motif et le visuel du r\u00e9sultat est diff\u00e9rent. Je pr\u00e9f\u00e8re avec repli mais dans l&rsquo;absolu il n&rsquo;y a pas d&rsquo;obligation (c&rsquo;est avant tout un plaisir, une cr\u00e9ation personnelle) et chacun (chacune) fera de la fa\u00e7on qu&rsquo;il pr\u00e9f\u00e8re.\u00a0<\/strong><\/span><\/p>\n<p style=\"text-align: justify;\"><img loading=\"lazy\" decoding=\"async\" class=\"alignnone size-thumbnail wp-image-3039\" src=\"http:\/\/livresplies.fr\/wp-content\/uploads\/pecheur-evelyne-83x150.jpg\" alt=\"\" width=\"83\" height=\"150\" srcset=\"https:\/\/livresplies.fr\/wp-content\/uploads\/pecheur-evelyne-83x150.jpg 83w, https:\/\/livresplies.fr\/wp-content\/uploads\/pecheur-evelyne.jpg 156w\" sizes=\"auto, (max-width: 83px) 100vw, 83px\" \/>\u00a0 \u00a0 \u00a0 \u00a0 \u00a0 \u00a0 \u00a0 \u00a0 \u00a0 \u00a0 \u00a0 \u00a0 \u00a0 \u00a0 \u00a0 \u00a0 \u00a0 \u00a0 \u00a0 \u00a0 \u00a0 \u00a0 \u00a0 \u00a0 \u00a0 \u00a0 \u00a0 \u00a0 \u00a0 \u00a0 \u00a0 \u00a0 \u00a0 \u00a0 \u00a0 \u00a0 \u00a0 \u00a0 \u00a0 \u00a0 <img loading=\"lazy\" decoding=\"async\" class=\"alignnone size-thumbnail wp-image-3038\" src=\"http:\/\/livresplies.fr\/wp-content\/uploads\/pecheur-stephanie-123x150.jpg\" alt=\"\" width=\"123\" height=\"150\" srcset=\"https:\/\/livresplies.fr\/wp-content\/uploads\/pecheur-stephanie-123x150.jpg 123w, https:\/\/livresplies.fr\/wp-content\/uploads\/pecheur-stephanie.jpg 232w\" sizes=\"auto, (max-width: 123px) 100vw, 123px\" \/><\/p>\n<p style=\"text-align: justify;\"><strong>1 \/D\u00e9coupes sur la tranche sans repli \u00a0 \u00a0 \u00a0 \u00a0 \u00a0 2 \/ \u00a0Repli avant d\u00e9coupes<\/strong><\/p>\n<p style=\"text-align: justify;\"><img loading=\"lazy\" decoding=\"async\" class=\"alignnone size-thumbnail wp-image-3228\" src=\"http:\/\/livresplies.fr\/wp-content\/uploads\/pompiers-version-1-et-2-150x103.png\" alt=\"\" width=\"150\" height=\"103\" srcset=\"https:\/\/livresplies.fr\/wp-content\/uploads\/pompiers-version-1-et-2-150x103.png 150w, https:\/\/livresplies.fr\/wp-content\/uploads\/pompiers-version-1-et-2-300x206.png 300w, https:\/\/livresplies.fr\/wp-content\/uploads\/pompiers-version-1-et-2.png 748w\" sizes=\"auto, (max-width: 150px) 100vw, 150px\" \/>\u00a0 <strong><span style=\"color: #000000;\">Deux<\/span><span style=\"color: #000000;\">\u00a0r\u00e9alisations de Reine qui montrent \u00e9galement cette diff\u00e9rence (\u00e0 gauche, avec repli &#8211; \u00e0 droite d\u00e9coupes directement sur la tranche de la feuille sans repli)<\/span><\/strong><\/p>\n<p><span style=\"color: #000000;\">A voir \u00e9galement dans le tuto, ce qu&rsquo;est le <strong><span style=\"text-decoration: underline;\">pliage en positif ou en n\u00e9gatif<\/span>,<\/strong> et comment faire un pliage en retrait en jouant avec la marge <span style=\"text-decoration: underline;\"><strong>blanche<\/strong><\/span> et la partie <\/span><strong><span style=\"color: #000000;\"><span style=\"text-decoration: underline;\">imprim\u00e9e.<\/span><span style=\"text-decoration: underline;\">\u00a0<\/span> <\/span>\u00a0<\/strong><\/p>\n<p style=\"text-align: center;\"><a href=\"https:\/\/livresplies.fr\/wp-content\/uploads\/positif-negatif-tuto.pdf\" target=\"_blank\" rel=\"noopener\"><strong>Ici explications sp\u00e9cifiques<\/strong><\/a>\u00a0 pour positif\/n\u00e9gatif <img loading=\"lazy\" decoding=\"async\" class=\"alignnone wp-image-7128\" src=\"https:\/\/livresplies.fr\/wp-content\/uploads\/fillette-fleur-madu-positif-negatif-225x300.jpg\" alt=\"\" width=\"149\" height=\"199\" srcset=\"https:\/\/livresplies.fr\/wp-content\/uploads\/fillette-fleur-madu-positif-negatif-225x300.jpg 225w, https:\/\/livresplies.fr\/wp-content\/uploads\/fillette-fleur-madu-positif-negatif-768x1024.jpg 768w, https:\/\/livresplies.fr\/wp-content\/uploads\/fillette-fleur-madu-positif-negatif-113x150.jpg 113w, https:\/\/livresplies.fr\/wp-content\/uploads\/fillette-fleur-madu-positif-negatif-1152x1536.jpg 1152w, https:\/\/livresplies.fr\/wp-content\/uploads\/fillette-fleur-madu-positif-negatif-1536x2048.jpg 1536w, https:\/\/livresplies.fr\/wp-content\/uploads\/fillette-fleur-madu-positif-negatif-scaled.jpg 1920w\" sizes=\"auto, (max-width: 149px) 100vw, 149px\" \/><\/p>\n<p style=\"text-align: center;\"><a href=\"http:\/\/livresplies.fr\/wp-content\/uploads\/instructions-decoup-pliage-2-methodes-2016.pdf\" rel=\"noopener noreferrer\"><img loading=\"lazy\" decoding=\"async\" class=\"alignnone size-thumbnail wp-image-6396\" src=\"https:\/\/livresplies.fr\/wp-content\/uploads\/logo-150x75.jpg\" alt=\"\" width=\"150\" height=\"75\" srcset=\"https:\/\/livresplies.fr\/wp-content\/uploads\/logo-150x75.jpg 150w, https:\/\/livresplies.fr\/wp-content\/uploads\/logo-300x150.jpg 300w, https:\/\/livresplies.fr\/wp-content\/uploads\/logo.jpg 318w\" sizes=\"auto, (max-width: 150px) 100vw, 150px\" \/><img loading=\"lazy\" decoding=\"async\" class=\"size-thumbnail wp-image-2562 aligncenter\" src=\"http:\/\/livresplies.fr\/wp-content\/uploads\/ardoise-tutoriel-decoup-150x113.jpg\" alt=\"ardoise-tutoriel-decoup\" width=\"150\" height=\"113\" srcset=\"https:\/\/livresplies.fr\/wp-content\/uploads\/ardoise-tutoriel-decoup-150x113.jpg 150w, https:\/\/livresplies.fr\/wp-content\/uploads\/ardoise-tutoriel-decoup.jpg 258w\" sizes=\"auto, (max-width: 150px) 100vw, 150px\" \/><\/a><\/p>\n<h5 style=\"text-align: center;\"><strong><span style=\"text-decoration: underline; color: #000080;\"><em><a style=\"color: #000080; text-decoration: underline;\" href=\"http:\/\/livresplies.fr\/wp-content\/uploads\/instructions-decoup-pliage-2-methodes-2016.pdf\" target=\"_blank\" rel=\"noopener noreferrer\">Tuto d\u00e9taill\u00e9\u00a0 D\u00e9coup&rsquo;pliage \u00a02 m\u00e9thodes + astuces<\/a><\/em><\/span><\/strong><\/h5>\n<p>2 exemples de patrons ci-dessous :<\/p>\n<p style=\"text-align: justify;\"><img loading=\"lazy\" decoding=\"async\" class=\"aligncenter wp-image-1567 size-thumbnail\" src=\"http:\/\/livresplies.fr\/wp-content\/uploads\/ferrat-aimer2-88x150.jpg\" alt=\"ferrat aimer2\" width=\"88\" height=\"150\" srcset=\"https:\/\/livresplies.fr\/wp-content\/uploads\/ferrat-aimer2-88x150.jpg 88w, https:\/\/livresplies.fr\/wp-content\/uploads\/ferrat-aimer2-176x300.jpg 176w, https:\/\/livresplies.fr\/wp-content\/uploads\/ferrat-aimer2.jpg 250w\" sizes=\"auto, (max-width: 88px) 100vw, 88px\" \/><\/p>\n<ul>\n<li><strong>\u00a0<a href=\"http:\/\/livresplies.fr\/wp-content\/uploads\/patron-ferrat-aimer-2016.pdf\" target=\"_blank\" rel=\"noopener noreferrer\">Patron Ferrat &#8211; Aimer<\/a>\u00a0 (m\u00e9thode 1, photo ci-dessus)<\/strong><\/li>\n<\/ul>\n<ul>\n<li><strong><a href=\"http:\/\/livresplies.fr\/wp-content\/uploads\/aimerpliageretrait.pdf\" target=\"_blank\" rel=\"noopener noreferrer\">Patron Ferrat &#8211; Aimer retrait<\/a> \u00a0(\u00a0m\u00e9thode 2, photo ci-dessous)<\/strong><\/li>\n<\/ul>\n<p style=\"text-align: justify;\">\u00a0 \u00a0 \u00a0 \u00a0 \u00a0 \u00a0 \u00a0 \u00a0 \u00a0 \u00a0 \u00a0 \u00a0 \u00a0 \u00a0 \u00a0 \u00a0 \u00a0<img loading=\"lazy\" decoding=\"async\" class=\"size-thumbnail wp-image-1629 alignnone\" src=\"http:\/\/livresplies.fr\/wp-content\/uploads\/livre-plie-aimer-retrait-daniele-124x150.jpg\" alt=\"livre plie aimer retrait daniele\" width=\"124\" height=\"150\" srcset=\"https:\/\/livresplies.fr\/wp-content\/uploads\/livre-plie-aimer-retrait-daniele-124x150.jpg 124w, https:\/\/livresplies.fr\/wp-content\/uploads\/livre-plie-aimer-retrait-daniele-248x300.jpg 248w, https:\/\/livresplies.fr\/wp-content\/uploads\/livre-plie-aimer-retrait-daniele.jpg 351w\" sizes=\"auto, (max-width: 124px) 100vw, 124px\" \/><span style=\"text-decoration: underline;\">\u00a0 pliage de Dani\u00e8le<\/span><\/p>\n<p style=\"text-align: justify;\"><span style=\"color: #000000;\">Pour ces d\u00e9coupages et pliages en retrait \u00a0; avant tout, on replie vers l&rsquo;int\u00e9rieur (entre 2 et 3 cm environ) toutes les feuilles dont le nombre est donn\u00e9 dans le patron \u00a0avant de prendre les rep\u00e8res de d\u00e9coupage. Le fait de les avoir repli\u00e9es donne de l&rsquo;\u00e9paisseur au motif.<\/span><\/p>\n<h4>Comment faire des d\u00e9coupages multi-niveaux ?<\/h4>\n<p><img loading=\"lazy\" decoding=\"async\" class=\"alignnone wp-image-4872\" src=\"https:\/\/livresplies.fr\/wp-content\/uploads\/nathan-Gwen-93x150.jpg\" alt=\"\" width=\"107\" height=\"173\" srcset=\"https:\/\/livresplies.fr\/wp-content\/uploads\/nathan-Gwen-93x150.jpg 93w, https:\/\/livresplies.fr\/wp-content\/uploads\/nathan-Gwen-186x300.jpg 186w, https:\/\/livresplies.fr\/wp-content\/uploads\/nathan-Gwen-768x1241.jpg 768w, https:\/\/livresplies.fr\/wp-content\/uploads\/nathan-Gwen-634x1024.jpg 634w, https:\/\/livresplies.fr\/wp-content\/uploads\/nathan-Gwen.jpg 1672w\" sizes=\"auto, (max-width: 107px) 100vw, 107px\" \/>\u00a0 \u00a0 \u00a0 \u00a0 \u00a0 \u00a0 \u00a0\u00a0<img loading=\"lazy\" decoding=\"async\" class=\"alignnone size-thumbnail wp-image-4873\" src=\"https:\/\/livresplies.fr\/wp-content\/uploads\/2-etoiles-m-ange-1-122x150.png\" alt=\"\" width=\"122\" height=\"150\" \/>\u00a0 \u00a0 \u00a0 \u00a0 \u00a0 \u00a0 \u00a0 \u00a0 \u00a0 \u00a0 \u00a0 \u00a0 \u00a0 \u00a0 \u00a0 \u00a0 \u00a0 \u00a0 \u00a0 \u00a0 \u00a0 \u00a0 \u00a0 \u00a0 \u00a0 \u00a0 \u00a0 \u00a0 \u00a0 \u00a0 \u00a0 \u00a0 \u00a0 \u00a0 \u00a0 \u00a0Gwen\u00a0 \u00a0 \u00a0 \u00a0 \u00a0 \u00a0 \u00a0 \u00a0 \u00a0 \u00a0 \u00a0 \u00a0 \u00a0 \u00a0 \u00a0 \u00a0 \u00a0 \u00a0Marie-Ange<\/p>\n<p><a href=\"https:\/\/livresplies.fr\/wp-content\/uploads\/tuto-multi-niveaux.pdf\" target=\"_blank\" rel=\"noopener noreferrer\"><img loading=\"lazy\" decoding=\"async\" class=\"alignnone wp-image-6396\" src=\"https:\/\/livresplies.fr\/wp-content\/uploads\/logo-150x75.jpg\" alt=\"\" width=\"98\" height=\"49\" srcset=\"https:\/\/livresplies.fr\/wp-content\/uploads\/logo-150x75.jpg 150w, https:\/\/livresplies.fr\/wp-content\/uploads\/logo-300x150.jpg 300w, https:\/\/livresplies.fr\/wp-content\/uploads\/logo.jpg 318w\" sizes=\"auto, (max-width: 98px) 100vw, 98px\" \/><\/a><\/p>\n<p><strong><a href=\"https:\/\/livresplies.fr\/wp-content\/uploads\/tuto-multi-niveaux.pdf\" target=\"_blank\" rel=\"noopener noreferrer\">Ici un tutoriel<\/a> pour r\u00e9aliser comme M-Ange et Gwen des d\u00e9coupages sur diff\u00e9rents niveaux (appel\u00e9s aussi 3 D) . Vous trouverez sur la page des partages le patron de Marie-Ange\u00a0<\/strong><\/p>\n<p>&nbsp;<\/p>\n<p style=\"text-align: justify;\"><span style=\"text-decoration: underline; color: #000080;\"><strong>Cliquez sur les ardoises pour acc\u00e9der aux diff\u00e9rents patrons.<\/strong><\/span><\/p>\n<p style=\"text-align: justify;\"><a href=\"http:\/\/livresplies.fr\/?p=1955\" rel=\"noopener noreferrer\"><img loading=\"lazy\" decoding=\"async\" class=\"size-thumbnail wp-image-1960 alignleft\" src=\"http:\/\/livresplies.fr\/wp-content\/uploads\/ardoise-partage-150x113.jpg\" alt=\"ardoise partage\" width=\"150\" height=\"113\" srcset=\"https:\/\/livresplies.fr\/wp-content\/uploads\/ardoise-partage-150x113.jpg 150w, https:\/\/livresplies.fr\/wp-content\/uploads\/ardoise-partage.jpg 258w\" sizes=\"auto, (max-width: 150px) 100vw, 150px\" \/><\/a>\u00a0 \u00a0 \u00a0 \u00a0 \u00a0 \u00a0 \u00a0 \u00a0 \u00a0 \u00a0 \u00a0 \u00a0 \u00a0 \u00a0\u00a0<a href=\"http:\/\/livresplies.fr\/?p=1952\" rel=\"noopener noreferrer\"><img loading=\"lazy\" decoding=\"async\" class=\"size-thumbnail wp-image-1959 alignright\" src=\"http:\/\/livresplies.fr\/wp-content\/uploads\/ardoise-vente-150x113.jpg\" alt=\"ardoise vente\" width=\"150\" height=\"113\" srcset=\"https:\/\/livresplies.fr\/wp-content\/uploads\/ardoise-vente-150x113.jpg 150w, https:\/\/livresplies.fr\/wp-content\/uploads\/ardoise-vente.jpg 258w\" sizes=\"auto, (max-width: 150px) 100vw, 150px\" \/><\/a><\/p>\n<h4 style=\"text-align: center;\"><\/h4>\n<p>&nbsp;<\/p>\n<p>&nbsp;<\/p>\n<p>&nbsp;<\/p>\n","protected":false},"excerpt":{"rendered":"<p>R\u00e9alisez vous-m\u00eame vos pliages et d\u00e9coup&rsquo;pliages, c&rsquo;est m\u00e9ticuleux mais pas difficile ; le plaisir du cadeau personnalis\u00e9 et fait par vous-m\u00eame.\u00a0 Un grand MERCI \u00e0 vous tous pour vos contributions de photos, je suis loin d&rsquo;\u00eatre en mesure de tout r\u00e9aliser. Les photos illustrant les mod\u00e8les ne sont pas contractuelles d&rsquo;un r\u00e9sultat identique le m\u00eame &hellip; <a href=\"https:\/\/livresplies.fr\/?page_id=1594\" class=\"more-link\">Continuer la lecture de <span class=\"screen-reader-text\">DECOUP&rsquo; PLIAGE<\/span>  <span class=\"meta-nav\">&rarr;<\/span><\/a><\/p>\n","protected":false},"author":1,"featured_media":0,"parent":0,"menu_order":0,"comment_status":"closed","ping_status":"closed","template":"","meta":{"footnotes":""},"class_list":["post-1594","page","type-page","status-publish","hentry"],"_links":{"self":[{"href":"https:\/\/livresplies.fr\/index.php?rest_route=\/wp\/v2\/pages\/1594","targetHints":{"allow":["GET"]}}],"collection":[{"href":"https:\/\/livresplies.fr\/index.php?rest_route=\/wp\/v2\/pages"}],"about":[{"href":"https:\/\/livresplies.fr\/index.php?rest_route=\/wp\/v2\/types\/page"}],"author":[{"embeddable":true,"href":"https:\/\/livresplies.fr\/index.php?rest_route=\/wp\/v2\/users\/1"}],"replies":[{"embeddable":true,"href":"https:\/\/livresplies.fr\/index.php?rest_route=%2Fwp%2Fv2%2Fcomments&post=1594"}],"version-history":[{"count":105,"href":"https:\/\/livresplies.fr\/index.php?rest_route=\/wp\/v2\/pages\/1594\/revisions"}],"predecessor-version":[{"id":1622,"href":"https:\/\/livresplies.fr\/index.php?rest_route=\/wp\/v2\/pages\/1594\/revisions\/1622"}],"wp:attachment":[{"href":"https:\/\/livresplies.fr\/index.php?rest_route=%2Fwp%2Fv2%2Fmedia&parent=1594"}],"curies":[{"name":"wp","href":"https:\/\/api.w.org\/{rel}","templated":true}]}}