{"id":37,"date":"2014-02-07T09:10:14","date_gmt":"2014-02-07T08:10:14","guid":{"rendered":"http:\/\/livresplies.fr\/?page_id=37"},"modified":"2023-09-15T15:57:09","modified_gmt":"2023-09-15T14:57:09","slug":"commander-des-modeles-decriture","status":"publish","type":"page","link":"https:\/\/livresplies.fr\/?page_id=37","title":{"rendered":"Contact"},"content":{"rendered":"<header><\/header>\n<header><\/header>\n<header><\/header>\n<header>\n<h4><span style=\"color: #ff0000;\">Contactez moi\u00a0\u00a0pour tout renseignement\u00a0 \u00e0 :<\/span><\/h4>\n<h3><img loading=\"lazy\" decoding=\"async\" class=\"alignnone wp-image-3938\" src=\"http:\/\/livresplies.fr\/wp-content\/uploads\/mail-147x150.jpg\" alt=\"\" width=\"72\" height=\"73\" srcset=\"https:\/\/livresplies.fr\/wp-content\/uploads\/mail-147x150.jpg 147w, https:\/\/livresplies.fr\/wp-content\/uploads\/mail.jpg 222w\" sizes=\"auto, (max-width: 72px) 100vw, 72px\" \/>\u00a0&gt;\u00a0 aline.pliage<a href=\"http:\/\/livresplies.fr\/wp-content\/uploads\/arobase2.jpg\"><img loading=\"lazy\" decoding=\"async\" class=\"alignnone wp-image-366\" src=\"http:\/\/livresplies.fr\/wp-content\/uploads\/arobase2.jpg\" alt=\"arobase2\" width=\"45\" height=\"39\" \/><\/a>gmail.com<\/h3>\n<p style=\"text-align: justify;\"><strong><span style=\"color: #000000;\">En r\u00e8gle g\u00e9n\u00e9rale, j&rsquo;essaie de r\u00e9pondre dans les 2 jours\u00a0 ; en cas d&rsquo;absence une r\u00e9ponse automatique vous sera envoy\u00e9e pour vous en informer et je reprendrai contact avec vous \u00e0 mon retour.<\/span><\/strong><\/p>\n<p style=\"text-align: justify;\"><strong>\u00ab\u00a0Payfacile\u00a0\u00bb, est ma plateforme d&rsquo;achat en ligne, cela me soulage au niveau des commandes\u00a0 mais si vous rencontrez un\u00a0 souci avec les achats en ligne, un t\u00e9l\u00e9chargement que vous n&rsquo;arrivez pas \u00e0 finaliser, aucune inqui\u00e9tude ; je reste joignable .\u00a0 \u00a0 \u00a0 \u00a0 \u00a0 \u00a0 \u00a0 \u00a0 \u00a0 \u00a0 \u00a0 \u00a0 \u00a0 \u00a0 \u00a0 \u00a0 \u00a0 \u00a0 \u00a0 \u00a0 \u00a0 \u00a0 \u00a0 \u00a0Un message et je pallie \u00e0 ce d\u00e9sagr\u00e9ment d\u00e8s que possible.<\/strong><\/p>\n<blockquote><p><strong><span style=\"color: #000000;\">Je ne r\u00e9ponds pas le week end, je fais une pause \u00ab\u00a0connexion\u00a0\u00bb.<\/span><\/strong><img loading=\"lazy\" decoding=\"async\" class=\"wp-image-5201 size-thumbnail alignnone\" src=\"https:\/\/livresplies.fr\/wp-content\/uploads\/mug-une-pause-s-impose-e1549100494918-150x142.jpg\" alt=\"\" width=\"150\" height=\"142\" srcset=\"https:\/\/livresplies.fr\/wp-content\/uploads\/mug-une-pause-s-impose-e1549100494918-150x142.jpg 150w, https:\/\/livresplies.fr\/wp-content\/uploads\/mug-une-pause-s-impose-e1549100494918-300x284.jpg 300w, https:\/\/livresplies.fr\/wp-content\/uploads\/mug-une-pause-s-impose-e1549100494918.jpg 561w\" sizes=\"auto, (max-width: 150px) 100vw, 150px\" \/><img loading=\"lazy\" decoding=\"async\" class=\"alignnone wp-image-5207\" src=\"https:\/\/livresplies.fr\/wp-content\/uploads\/rando-95x150.jpg\" alt=\"\" width=\"81\" height=\"128\" srcset=\"https:\/\/livresplies.fr\/wp-content\/uploads\/rando-95x150.jpg 95w, https:\/\/livresplies.fr\/wp-content\/uploads\/rando-190x300.jpg 190w, https:\/\/livresplies.fr\/wp-content\/uploads\/rando.jpg 297w\" sizes=\"auto, (max-width: 81px) 100vw, 81px\" \/> <img loading=\"lazy\" decoding=\"async\" class=\"alignnone wp-image-5206\" src=\"https:\/\/livresplies.fr\/wp-content\/uploads\/mamie-pay-115x150.jpg\" alt=\"\" width=\"103\" height=\"134\" srcset=\"https:\/\/livresplies.fr\/wp-content\/uploads\/mamie-pay-115x150.jpg 115w, https:\/\/livresplies.fr\/wp-content\/uploads\/mamie-pay-230x300.jpg 230w, https:\/\/livresplies.fr\/wp-content\/uploads\/mamie-pay-768x1002.jpg 768w, https:\/\/livresplies.fr\/wp-content\/uploads\/mamie-pay-785x1024.jpg 785w, https:\/\/livresplies.fr\/wp-content\/uploads\/mamie-pay.jpg 996w\" sizes=\"auto, (max-width: 103px) 100vw, 103px\" \/><\/p><\/blockquote>\n<p><strong><span style=\"color: #000000;\">Ne pas utiliser les commentaires pour passer commande, mais le mail ci-dessus, ce sera plus s\u00fbr et plus rapide.<\/span><\/strong><\/p>\n<h6 style=\"text-align: justify;\"><strong><span style=\"color: #000000;\"><span style=\"text-decoration: underline; color: #ff00ff;\">\u00a0Pour vous offrir un site de qualit\u00e9 et de nouveaux mod\u00e8les r\u00e9guli\u00e8rement, je ne fais pas de patrons personnalis\u00e9s d&rsquo;apr\u00e8s photo ou autres mod\u00e8les en dehors des mod\u00e8les \u00e0 personnaliser que je propose (naissance, mariage, coeurs, etc&#8230;.).<\/span><\/span><\/strong><\/h6>\n<h5>Vous d\u00e9couvrez cette activit\u00e9 et vous vous demander par quoi commencer &gt; <a href=\"https:\/\/livresplies.fr\/?p=5334\" target=\"_blank\" rel=\"noopener noreferrer\">cliquez ici\u00a0<\/a><\/h5>\n<\/header>\n<div>\n<p>En achetant un patron , vous pouvez vendre votre livre termin\u00e9, mais vous ne devez pas partager ou vendre le patron ; je vous en remercie.<\/p>\n<h6><strong><span style=\"color: #000080;\">Un grand MERCI \u00e0 vous tous pour vos contributions de photos, je suis loin d&rsquo;\u00eatre en mesure de tout r\u00e9aliser.<\/span><\/strong><\/h6>\n<p>Pour tout envoi de la photo d&rsquo;une r\u00e9alisation \u00a0(qui n&rsquo;a pas encore sa photo sur mon site au moment de votre envoi) , je vous offre le patron de votre choix (parmi les patrons en vente) en remerciement.<\/p>\n<p>Tous les patrons de pliage de ce site ont fait l&rsquo;objet d&rsquo;un d\u00e9p\u00f4t sur Copyright.fr<\/p>\n<h4><a href=\"http:\/\/livresplies.fr\/wp-content\/uploads\/8CF22E1-1.gif\"><img loading=\"lazy\" decoding=\"async\" class=\"alignnone size-full wp-image-117\" src=\"http:\/\/livresplies.fr\/wp-content\/uploads\/8CF22E1-1.gif\" alt=\"8CF22E1-1\" width=\"109\" height=\"50\" \/><\/a>\u00a0 \u00a0<strong><span style=\"color: #000000;\">Petite histoire de ce site :<\/span><\/strong><\/h4>\n<p style=\"text-align: justify;\"><strong><span style=\"color: #000000;\">Tout a commenc\u00e9 au moment de \u00a0ma retraite en 2012, j&rsquo;ai d\u00e9but\u00e9 par un blog d\u00e9di\u00e9 uniquement au pliage \u00a0et apr\u00e8s quelques mois, j&rsquo;ai ouvert un v\u00e9ritable site avec l&rsquo;aide de mes enfants (c&rsquo;\u00e9tait tout nouveau pour moi ).\u00a0<\/span><\/strong><\/p>\n<p style=\"text-align: justify;\"><strong><span style=\"color: #000000;\">Petit site a \u00e9volu\u00e9 \u00a0et le pliage aussi. Plus r\u00e9cemment est arriv\u00e9 une nouvelle technique : le d\u00e9coup&rsquo;pliage qui a ouvert de nouveaux horizons dans cet art cr\u00e9atif.\u00a0<\/span><\/strong><\/p>\n<p style=\"text-align: justify;\"><strong><span style=\"color: #000000;\">Je garde l&rsquo;esprit de partage et de p\u00e9dagogie, toutes les techniques sont expliqu\u00e9es. L&rsquo;audience augmentant, cela me demande de plus en plus de temps et je jongle au mieux entre ordinateur, rando, chorale \u00a0et petits enfants en essayant d&rsquo;\u00eatre disponible pour tout le monde. Dans la mesure du possible, j&rsquo;essaie de r\u00e9pondre \u00e0 tout le monde, de vous aider si \u00ab\u00a0\u00e7a coince\u00a0\u00bb.<\/span><\/strong><\/p>\n<p style=\"text-align: justify;\"><strong><span style=\"color: #000000;\">Je remercie tr\u00e8s chaleureusement toutes les personnes qui m&rsquo;ont rejoint en partageant ou vendant leurs r\u00e9alisations sur mon site ; j&rsquo;esp\u00e8re n&rsquo;oublier personne : Lulu, Nad\u00e8ge et ses \u00e9l\u00e8ves , Serge, Marie-ange, Isabelle, Jean-Marc, H\u00e9l\u00e8ne, Amanda, Marie-Paule, Rosy, \u00a0Sylviane, Jess, \u00a0Babette, \u00a0Manoloa, \u00a0Fonfeck, Thierry , Sandra.<\/span><\/strong><\/p>\n<\/div>\n<p><a href=\"https:\/\/livresplies.fr\/?p=7362\" target=\"_blank\" rel=\"noopener\">Paiements de commandes re\u00e7ues par mail<\/a><\/p>\n<div><\/div>\n","protected":false},"excerpt":{"rendered":"<p>Contactez moi\u00a0\u00a0pour tout renseignement\u00a0 \u00e0 : \u00a0&gt;\u00a0 aline.pliagegmail.com En r\u00e8gle g\u00e9n\u00e9rale, j&rsquo;essaie de r\u00e9pondre dans les 2 jours\u00a0 ; en cas d&rsquo;absence une r\u00e9ponse automatique vous sera envoy\u00e9e pour vous en informer et je reprendrai contact avec vous \u00e0 mon retour. \u00ab\u00a0Payfacile\u00a0\u00bb, est ma plateforme d&rsquo;achat en ligne, cela me soulage au niveau des commandes\u00a0 &hellip; <a href=\"https:\/\/livresplies.fr\/?page_id=37\" class=\"more-link\">Continuer la lecture de <span class=\"screen-reader-text\">Contact<\/span>  <span class=\"meta-nav\">&rarr;<\/span><\/a><\/p>\n","protected":false},"author":1,"featured_media":0,"parent":0,"menu_order":0,"comment_status":"closed","ping_status":"closed","template":"","meta":{"footnotes":""},"class_list":["post-37","page","type-page","status-publish","hentry"],"_links":{"self":[{"href":"https:\/\/livresplies.fr\/index.php?rest_route=\/wp\/v2\/pages\/37","targetHints":{"allow":["GET"]}}],"collection":[{"href":"https:\/\/livresplies.fr\/index.php?rest_route=\/wp\/v2\/pages"}],"about":[{"href":"https:\/\/livresplies.fr\/index.php?rest_route=\/wp\/v2\/types\/page"}],"author":[{"embeddable":true,"href":"https:\/\/livresplies.fr\/index.php?rest_route=\/wp\/v2\/users\/1"}],"replies":[{"embeddable":true,"href":"https:\/\/livresplies.fr\/index.php?rest_route=%2Fwp%2Fv2%2Fcomments&post=37"}],"version-history":[{"count":79,"href":"https:\/\/livresplies.fr\/index.php?rest_route=\/wp\/v2\/pages\/37\/revisions"}],"predecessor-version":[{"id":7364,"href":"https:\/\/livresplies.fr\/index.php?rest_route=\/wp\/v2\/pages\/37\/revisions\/7364"}],"wp:attachment":[{"href":"https:\/\/livresplies.fr\/index.php?rest_route=%2Fwp%2Fv2%2Fmedia&parent=37"}],"curies":[{"name":"wp","href":"https:\/\/api.w.org\/{rel}","templated":true}]}}