{"id":81,"date":"2014-01-31T14:53:07","date_gmt":"2014-01-31T13:53:07","guid":{"rendered":"http:\/\/livresplies.fr\/?page_id=81"},"modified":"2023-10-24T09:43:29","modified_gmt":"2023-10-24T08:43:29","slug":"vos-realisations","status":"publish","type":"page","link":"https:\/\/livresplies.fr\/?page_id=81","title":{"rendered":"Vos r\u00e9alisations"},"content":{"rendered":"<h5>Toutes les r\u00e9alisations de cette page ont \u00e9t\u00e9 r\u00e9alis\u00e9es avec les patrons de ce site .<\/h5>\n<h6><strong><span style=\"color: #000080;\">Un grand MERCI \u00e0 vous tous pour vos contributions de photos, je suis loin d&rsquo;\u00eatre en mesure de tout r\u00e9aliser.<\/span><\/strong><\/h6>\n<p><iframe loading=\"lazy\" title=\"vitrines film\" width=\"474\" height=\"267\" src=\"https:\/\/www.youtube.com\/embed\/qpHqGIIW5cA?feature=oembed\" frameborder=\"0\" allow=\"accelerometer; autoplay; clipboard-write; encrypted-media; gyroscope; picture-in-picture; web-share\" referrerpolicy=\"strict-origin-when-cross-origin\" allowfullscreen><\/iframe><\/p>\n<p>&nbsp;<\/p>\n<p><img loading=\"lazy\" decoding=\"async\" class=\"alignnone wp-image-7243\" src=\"https:\/\/livresplies.fr\/wp-content\/uploads\/tamara-papillon-florence-249x300.jpg\" alt=\"\" width=\"187\" height=\"225\" srcset=\"https:\/\/livresplies.fr\/wp-content\/uploads\/tamara-papillon-florence-249x300.jpg 249w, https:\/\/livresplies.fr\/wp-content\/uploads\/tamara-papillon-florence-125x150.jpg 125w, https:\/\/livresplies.fr\/wp-content\/uploads\/tamara-papillon-florence.jpg 521w\" sizes=\"auto, (max-width: 187px) 100vw, 187px\" \/><img loading=\"lazy\" decoding=\"async\" class=\"alignnone wp-image-7242\" style=\"font-weight: bold; background-color: transparent; color: #767676;\" src=\"https:\/\/livresplies.fr\/wp-content\/uploads\/chat-suzanne-florence-234x300.jpg\" alt=\"\" width=\"174\" height=\"223\" srcset=\"https:\/\/livresplies.fr\/wp-content\/uploads\/chat-suzanne-florence-234x300.jpg 234w, https:\/\/livresplies.fr\/wp-content\/uploads\/chat-suzanne-florence-799x1024.jpg 799w, https:\/\/livresplies.fr\/wp-content\/uploads\/chat-suzanne-florence-117x150.jpg 117w, https:\/\/livresplies.fr\/wp-content\/uploads\/chat-suzanne-florence-768x985.jpg 768w, https:\/\/livresplies.fr\/wp-content\/uploads\/chat-suzanne-florence-1198x1536.jpg 1198w, https:\/\/livresplies.fr\/wp-content\/uploads\/chat-suzanne-florence-1597x2048.jpg 1597w, https:\/\/livresplies.fr\/wp-content\/uploads\/chat-suzanne-florence-scaled.jpg 1997w\" sizes=\"auto, (max-width: 174px) 100vw, 174px\" \/><\/p>\n<p><img loading=\"lazy\" decoding=\"async\" class=\"alignnone wp-image-6423\" style=\"color: #2b2b2b; font-size: 16px;\" src=\"https:\/\/livresplies.fr\/wp-content\/uploads\/clap-cine-nicole-112x150.jpg\" alt=\"\" width=\"146\" height=\"195\" srcset=\"https:\/\/livresplies.fr\/wp-content\/uploads\/clap-cine-nicole-112x150.jpg 112w, https:\/\/livresplies.fr\/wp-content\/uploads\/clap-cine-nicole-224x300.jpg 224w, https:\/\/livresplies.fr\/wp-content\/uploads\/clap-cine-nicole-rotated.jpg 567w\" sizes=\"auto, (max-width: 146px) 100vw, 146px\" \/><\/p>\n<p><iframe loading=\"lazy\" src=\"https:\/\/www.youtube.com\/embed\/xv--tIurvdk\" width=\"560\" height=\"315\" frameborder=\"0\" allowfullscreen=\"allowfullscreen\"><span data-mce-type=\"bookmark\" style=\"display: inline-block; width: 0px; overflow: hidden; line-height: 0;\" class=\"mce_SELRES_start\">\ufeff<\/span><\/iframe><\/p>\n<p>&nbsp;<\/p>\n<p><iframe loading=\"lazy\" src=\"https:\/\/www.youtube.com\/embed\/iLWpTUno3TM\" width=\"560\" height=\"315\" frameborder=\"0\" allowfullscreen=\"allowfullscreen\"><\/iframe><br \/>\nUn joli triptyque r\u00e9alis\u00e9 par Gwen pour les fans de basket :<img loading=\"lazy\" decoding=\"async\" class=\"alignnone wp-image-5458\" src=\"https:\/\/livresplies.fr\/wp-content\/uploads\/basket-Gwen-150x72.jpg\" alt=\"\" width=\"219\" height=\"105\" srcset=\"https:\/\/livresplies.fr\/wp-content\/uploads\/basket-Gwen-150x72.jpg 150w, https:\/\/livresplies.fr\/wp-content\/uploads\/basket-Gwen-300x143.jpg 300w, https:\/\/livresplies.fr\/wp-content\/uploads\/basket-Gwen-768x367.jpg 768w, https:\/\/livresplies.fr\/wp-content\/uploads\/basket-Gwen.jpg 773w\" sizes=\"auto, (max-width: 219px) 100vw, 219px\" \/><\/p>\n<p><strong>Tutos de d\u00e9coration<a href=\"https:\/\/livresplies.fr\/?p=1347\" target=\"_blank\" rel=\"noopener noreferrer\"> ici :<\/a><\/strong><br \/>\n<iframe loading=\"lazy\" src=\"https:\/\/www.youtube.com\/embed\/SlktYkCWtWg?ecver=1\" width=\"560\" height=\"315\" frameborder=\"0\" allowfullscreen=\"allowfullscreen\"><\/iframe><\/p>\n<p>&nbsp;<\/p>\n<p><iframe loading=\"lazy\" src=\"https:\/\/www.youtube.com\/embed\/QVTr6A5pnUw?ecver=1\" width=\"560\" height=\"315\" frameborder=\"0\" allowfullscreen=\"allowfullscreen\"><\/iframe><br \/>\n<img loading=\"lazy\" decoding=\"async\" class=\"alignnone wp-image-3836\" src=\"http:\/\/livresplies.fr\/wp-content\/uploads\/coeur-couple-stheph-150x150.jpg\" alt=\"\" width=\"171\" height=\"171\" \/>\u00a0 \u00a0 \u00a0 <img loading=\"lazy\" decoding=\"async\" class=\"alignnone wp-image-3835\" src=\"http:\/\/livresplies.fr\/wp-content\/uploads\/anniversaire-arlette-113x150.jpg\" alt=\"\" width=\"130\" height=\"173\" srcset=\"https:\/\/livresplies.fr\/wp-content\/uploads\/anniversaire-arlette-113x150.jpg 113w, https:\/\/livresplies.fr\/wp-content\/uploads\/anniversaire-arlette-225x300.jpg 225w, https:\/\/livresplies.fr\/wp-content\/uploads\/anniversaire-arlette-768x1024.jpg 768w\" sizes=\"auto, (max-width: 130px) 100vw, 130px\" \/>\u00a0 \u00a0 \u00a0 <img loading=\"lazy\" decoding=\"async\" class=\"alignnone wp-image-6853\" src=\"https:\/\/livresplies.fr\/wp-content\/uploads\/modele-christine2-sylvie-260x300.jpg\" alt=\"\" width=\"131\" height=\"151\" srcset=\"https:\/\/livresplies.fr\/wp-content\/uploads\/modele-christine2-sylvie-260x300.jpg 260w, https:\/\/livresplies.fr\/wp-content\/uploads\/modele-christine2-sylvie-130x150.jpg 130w, https:\/\/livresplies.fr\/wp-content\/uploads\/modele-christine2-sylvie.jpg 492w\" sizes=\"auto, (max-width: 131px) 100vw, 131px\" \/><\/p>\n<p><img loading=\"lazy\" decoding=\"async\" class=\"alignnone size-thumbnail wp-image-3574\" src=\"http:\/\/livresplies.fr\/wp-content\/uploads\/coeur-chantal-60-113x150.jpg\" alt=\"\" width=\"113\" height=\"150\" srcset=\"https:\/\/livresplies.fr\/wp-content\/uploads\/coeur-chantal-60-113x150.jpg 113w, https:\/\/livresplies.fr\/wp-content\/uploads\/coeur-chantal-60-225x300.jpg 225w, https:\/\/livresplies.fr\/wp-content\/uploads\/coeur-chantal-60-768x1024.jpg 768w\" sizes=\"auto, (max-width: 113px) 100vw, 113px\" \/>\u00a0 \u00a0 \u00a0 \u00a0 \u00a0<img loading=\"lazy\" decoding=\"async\" class=\"alignnone size-thumbnail wp-image-3587\" src=\"http:\/\/livresplies.fr\/wp-content\/uploads\/vezenobres-143x150.jpg\" alt=\"\" width=\"143\" height=\"150\" srcset=\"https:\/\/livresplies.fr\/wp-content\/uploads\/vezenobres-143x150.jpg 143w, https:\/\/livresplies.fr\/wp-content\/uploads\/vezenobres-286x300.jpg 286w, https:\/\/livresplies.fr\/wp-content\/uploads\/vezenobres-768x806.jpg 768w, https:\/\/livresplies.fr\/wp-content\/uploads\/vezenobres-976x1024.jpg 976w, https:\/\/livresplies.fr\/wp-content\/uploads\/vezenobres.jpg 1013w\" sizes=\"auto, (max-width: 143px) 100vw, 143px\" \/>\u00a0 \u00a0 \u00a0\u00a0<img loading=\"lazy\" decoding=\"async\" class=\"alignnone size-thumbnail wp-image-3789\" src=\"http:\/\/livresplies.fr\/wp-content\/uploads\/odile-monique-100x150.jpg\" alt=\"\" width=\"100\" height=\"150\" srcset=\"https:\/\/livresplies.fr\/wp-content\/uploads\/odile-monique-100x150.jpg 100w, https:\/\/livresplies.fr\/wp-content\/uploads\/odile-monique-200x300.jpg 200w, https:\/\/livresplies.fr\/wp-content\/uploads\/odile-monique.jpg 512w\" sizes=\"auto, (max-width: 100px) 100vw, 100px\" \/>\u00a0 \u00a0 \u00a0 \u00a0 \u00a0 \u00a0 \u00a0 \u00a0 \u00a0 \u00a0 \u00a0 \u00a0 \u00a0\u00a0<img loading=\"lazy\" decoding=\"async\" class=\"alignnone size-thumbnail wp-image-3247\" src=\"http:\/\/livresplies.fr\/wp-content\/uploads\/poisson-edwige-150x86.jpg\" alt=\"\" width=\"150\" height=\"86\" srcset=\"https:\/\/livresplies.fr\/wp-content\/uploads\/poisson-edwige-150x86.jpg 150w, https:\/\/livresplies.fr\/wp-content\/uploads\/poisson-edwige-300x173.jpg 300w, https:\/\/livresplies.fr\/wp-content\/uploads\/poisson-edwige-768x442.jpg 768w, https:\/\/livresplies.fr\/wp-content\/uploads\/poisson-edwige-1024x589.jpg 1024w\" sizes=\"auto, (max-width: 150px) 100vw, 150px\" \/> <img loading=\"lazy\" decoding=\"async\" class=\"alignnone size-thumbnail wp-image-3245\" src=\"http:\/\/livresplies.fr\/wp-content\/uploads\/JTM-evelyne-150x100.jpg\" alt=\"\" width=\"150\" height=\"100\" srcset=\"https:\/\/livresplies.fr\/wp-content\/uploads\/JTM-evelyne-150x100.jpg 150w, https:\/\/livresplies.fr\/wp-content\/uploads\/JTM-evelyne-300x199.jpg 300w, https:\/\/livresplies.fr\/wp-content\/uploads\/JTM-evelyne-768x510.jpg 768w, https:\/\/livresplies.fr\/wp-content\/uploads\/JTM-evelyne-1024x680.jpg 1024w, https:\/\/livresplies.fr\/wp-content\/uploads\/JTM-evelyne.jpg 2048w\" sizes=\"auto, (max-width: 150px) 100vw, 150px\" \/> <img loading=\"lazy\" decoding=\"async\" class=\"alignnone size-thumbnail wp-image-3243\" src=\"http:\/\/livresplies.fr\/wp-content\/uploads\/tortue-corinne-113x150.jpg\" alt=\"\" width=\"113\" height=\"150\" srcset=\"https:\/\/livresplies.fr\/wp-content\/uploads\/tortue-corinne-113x150.jpg 113w, https:\/\/livresplies.fr\/wp-content\/uploads\/tortue-corinne-225x300.jpg 225w, https:\/\/livresplies.fr\/wp-content\/uploads\/tortue-corinne-768x1024.jpg 768w\" sizes=\"auto, (max-width: 113px) 100vw, 113px\" \/><\/p>\n<p><img loading=\"lazy\" decoding=\"async\" class=\"alignnone size-thumbnail wp-image-3059\" src=\"http:\/\/livresplies.fr\/wp-content\/uploads\/chien-laura-1-150x147.jpg\" alt=\"\" width=\"150\" height=\"147\" srcset=\"https:\/\/livresplies.fr\/wp-content\/uploads\/chien-laura-1-150x147.jpg 150w, https:\/\/livresplies.fr\/wp-content\/uploads\/chien-laura-1.jpg 289w\" sizes=\"auto, (max-width: 150px) 100vw, 150px\" \/>\u00a0\u00a0<img loading=\"lazy\" decoding=\"async\" class=\"alignnone size-thumbnail wp-image-3060\" src=\"http:\/\/livresplies.fr\/wp-content\/uploads\/coeur-isabelle-e1486747196525-99x150.jpg\" alt=\"\" width=\"99\" height=\"150\" srcset=\"https:\/\/livresplies.fr\/wp-content\/uploads\/coeur-isabelle-e1486747196525-99x150.jpg 99w, https:\/\/livresplies.fr\/wp-content\/uploads\/coeur-isabelle-e1486747196525.jpg 169w\" sizes=\"auto, (max-width: 99px) 100vw, 99px\" \/>\u00a0\u00a0<img loading=\"lazy\" decoding=\"async\" class=\"alignnone size-thumbnail wp-image-3057\" src=\"http:\/\/livresplies.fr\/wp-content\/uploads\/annie-melina-141x150.jpg\" alt=\"\" width=\"141\" height=\"150\" srcset=\"https:\/\/livresplies.fr\/wp-content\/uploads\/annie-melina-141x150.jpg 141w, https:\/\/livresplies.fr\/wp-content\/uploads\/annie-melina.jpg 266w\" sizes=\"auto, (max-width: 141px) 100vw, 141px\" \/><\/p>\n<p><img loading=\"lazy\" decoding=\"async\" class=\"alignnone size-thumbnail wp-image-2766\" src=\"http:\/\/livresplies.fr\/wp-content\/uploads\/petits-pieds-diane-97x150.jpg\" alt=\"petits-pieds-diane\" width=\"97\" height=\"150\" srcset=\"https:\/\/livresplies.fr\/wp-content\/uploads\/petits-pieds-diane-97x150.jpg 97w, https:\/\/livresplies.fr\/wp-content\/uploads\/petits-pieds-diane-193x300.jpg 193w, https:\/\/livresplies.fr\/wp-content\/uploads\/petits-pieds-diane.jpg 219w\" sizes=\"auto, (max-width: 97px) 100vw, 97px\" \/>\u00a0 \u00a0 \u00a0 \u00a0 \u00a0 \u00a0 \u00a0 \u00a0 \u00a0 \u00a0 \u00a0 \u00a0<img loading=\"lazy\" decoding=\"async\" class=\"alignnone size-thumbnail wp-image-3055\" src=\"http:\/\/livresplies.fr\/wp-content\/uploads\/charlyne-christiane-113x150.jpg\" alt=\"\" width=\"113\" height=\"150\" srcset=\"https:\/\/livresplies.fr\/wp-content\/uploads\/charlyne-christiane-113x150.jpg 113w, https:\/\/livresplies.fr\/wp-content\/uploads\/charlyne-christiane-225x300.jpg 225w, https:\/\/livresplies.fr\/wp-content\/uploads\/charlyne-christiane.jpg 720w\" sizes=\"auto, (max-width: 113px) 100vw, 113px\" \/>\u00a0 \u00a0 \u00a0 \u00a0 \u00a0 \u00a0 \u00a0<img loading=\"lazy\" decoding=\"async\" class=\"alignnone size-thumbnail wp-image-3058\" src=\"http:\/\/livresplies.fr\/wp-content\/uploads\/carpe-dien-frederique-150x126.jpg\" alt=\"\" width=\"150\" height=\"126\" srcset=\"https:\/\/livresplies.fr\/wp-content\/uploads\/carpe-dien-frederique-150x126.jpg 150w, https:\/\/livresplies.fr\/wp-content\/uploads\/carpe-dien-frederique-300x252.jpg 300w, https:\/\/livresplies.fr\/wp-content\/uploads\/carpe-dien-frederique.jpg 337w\" sizes=\"auto, (max-width: 150px) 100vw, 150px\" \/><\/p>\n<p><iframe loading=\"lazy\" src=\"https:\/\/www.youtube.com\/embed\/WkQ0GPkvhdY\" width=\"560\" height=\"315\" frameborder=\"0\" allowfullscreen=\"allowfullscreen\"><\/iframe><\/p>\n<p>Vos pliages vid\u00e9o n\u00b0 3 :<br \/>\n<iframe loading=\"lazy\" src=\"https:\/\/www.youtube.com\/embed\/j4u4ZAu77Mg\" width=\"560\" height=\"315\" frameborder=\"0\" allowfullscreen=\"allowfullscreen\"><\/iframe><\/p>\n<p><img loading=\"lazy\" decoding=\"async\" class=\"aligncenter wp-image-1175 size-medium\" src=\"http:\/\/livresplies.fr\/wp-content\/uploads\/livre-plie-club-lecture-patricia-300x225.jpg\" alt=\"livre plie club lecture patricia\" width=\"300\" height=\"225\" srcset=\"https:\/\/livresplies.fr\/wp-content\/uploads\/livre-plie-club-lecture-patricia-300x225.jpg 300w, https:\/\/livresplies.fr\/wp-content\/uploads\/livre-plie-club-lecture-patricia-150x112.jpg 150w, https:\/\/livresplies.fr\/wp-content\/uploads\/livre-plie-club-lecture-patricia.jpg 567w\" sizes=\"auto, (max-width: 300px) 100vw, 300px\" \/><\/p>\n<p>Photo envoy\u00e9e par Patricia, on plie aussi dans cette biblioth\u00e8que.<\/p>\n<p><img loading=\"lazy\" decoding=\"async\" class=\"alignnone wp-image-1073 size-large\" src=\"http:\/\/livresplies.fr\/wp-content\/uploads\/pliage-plivre-dis-moi-M-claude-penvenan-1024x371.jpg\" alt=\"pliage plivre dis moi M claude penvenan\" width=\"474\" height=\"172\" srcset=\"https:\/\/livresplies.fr\/wp-content\/uploads\/pliage-plivre-dis-moi-M-claude-penvenan-1024x371.jpg 1024w, https:\/\/livresplies.fr\/wp-content\/uploads\/pliage-plivre-dis-moi-M-claude-penvenan-150x54.jpg 150w, https:\/\/livresplies.fr\/wp-content\/uploads\/pliage-plivre-dis-moi-M-claude-penvenan-300x109.jpg 300w, https:\/\/livresplies.fr\/wp-content\/uploads\/pliage-plivre-dis-moi-M-claude-penvenan.jpg 1098w\" sizes=\"auto, (max-width: 474px) 100vw, 474px\" \/><\/p>\n<p style=\"text-align: justify;\"><span style=\"color: #000000;\"><span style=\"font-family: 'comic sans ms', sans-serif;\">Pliages r\u00e9alis\u00e9s \u00e0 l&rsquo;occasion de\u00a0la Semaine de la langue fran\u00e7aise et de la francophonie par l&rsquo;atelier loisirs de PENVENAN dans les C\u00f4tes d&rsquo;Armor. <\/span>Photo envoy\u00e9e par Marie-Claude.<\/span><\/p>\n<p>Vos pliages vid\u00e9o n\u00b02:<br \/>\n<iframe loading=\"lazy\" src=\"https:\/\/www.youtube.com\/embed\/fFsO8YisP6Q\" width=\"420\" height=\"315\" frameborder=\"0\" allowfullscreen=\"allowfullscreen\"><\/iframe><br \/>\nPremi\u00e8re\u00a0vid\u00e9o de vos pliages :<\/p>\n<p><a href=\"http:\/\/iframewidth=420height=315src=\/\/www.youtube.com\/embed\/YPuM7vPk_sIframeborder=0allowfullscreen\/iframe\"><iframe loading=\"lazy\" src=\"\/\/www.youtube.com\/embed\/YPuM7vPk_sI\" width=\"420\" height=\"315\" frameborder=\"0\" allowfullscreen=\"allowfullscreen\"><\/iframe><\/a><\/p>\n<p><img loading=\"lazy\" decoding=\"async\" class=\" wp-image-946 alignnone\" src=\"http:\/\/livresplies.fr\/wp-content\/uploads\/livre-plie-marguerite-hugues-300x154.jpg\" alt=\"livre plie marguerite hugues\" width=\"240\" height=\"123\" srcset=\"https:\/\/livresplies.fr\/wp-content\/uploads\/livre-plie-marguerite-hugues-300x154.jpg 300w, https:\/\/livresplies.fr\/wp-content\/uploads\/livre-plie-marguerite-hugues-150x77.jpg 150w, https:\/\/livresplies.fr\/wp-content\/uploads\/livre-plie-marguerite-hugues.jpg 553w\" sizes=\"auto, (max-width: 240px) 100vw, 240px\" \/><img loading=\"lazy\" decoding=\"async\" class=\" wp-image-977 alignnone\" src=\"http:\/\/livresplies.fr\/wp-content\/uploads\/livre-plie-gwendoline-valerie-300x272.jpg\" alt=\"livre plie gwendoline valerie\" width=\"184\" height=\"167\" srcset=\"https:\/\/livresplies.fr\/wp-content\/uploads\/livre-plie-gwendoline-valerie-300x272.jpg 300w, https:\/\/livresplies.fr\/wp-content\/uploads\/livre-plie-gwendoline-valerie-150x136.jpg 150w, https:\/\/livresplies.fr\/wp-content\/uploads\/livre-plie-gwendoline-valerie.jpg 468w\" sizes=\"auto, (max-width: 184px) 100vw, 184px\" \/><\/p>\n<p><img loading=\"lazy\" decoding=\"async\" class=\"alignnone wp-image-1118 \" src=\"http:\/\/livresplies.fr\/wp-content\/uploads\/livre-plie-christophe-myriam-300x225.jpg\" alt=\"livre plie christophe myriam\" width=\"235\" height=\"176\" srcset=\"https:\/\/livresplies.fr\/wp-content\/uploads\/livre-plie-christophe-myriam-300x225.jpg 300w, https:\/\/livresplies.fr\/wp-content\/uploads\/livre-plie-christophe-myriam-150x113.jpg 150w, https:\/\/livresplies.fr\/wp-content\/uploads\/livre-plie-christophe-myriam.jpg 640w\" sizes=\"auto, (max-width: 235px) 100vw, 235px\" \/><\/p>\n<p><a href=\"http:\/\/livresplies.fr\/wp-content\/uploads\/Tessa-blog-MT.jpg\"><img loading=\"lazy\" decoding=\"async\" class=\"wp-image-176 alignnone\" src=\"http:\/\/livresplies.fr\/wp-content\/uploads\/Tessa-blog-MT.jpg\" alt=\"\" width=\"210\" height=\"184\" srcset=\"https:\/\/livresplies.fr\/wp-content\/uploads\/Tessa-blog-MT.jpg 291w, https:\/\/livresplies.fr\/wp-content\/uploads\/Tessa-blog-MT-150x131.jpg 150w\" sizes=\"auto, (max-width: 210px) 100vw, 210px\" \/><\/a>\u00a0 \u00a0 \u00a0 \u00a0 \u00a0 \u00a0 \u00a0<a href=\"http:\/\/livresplies.fr\/wp-content\/uploads\/Lixan-blog-M-T.jpg\"><img loading=\"lazy\" decoding=\"async\" class=\"wp-image-174 \" src=\"http:\/\/livresplies.fr\/wp-content\/uploads\/Lixan-blog-M-T.jpg\" alt=\"2 pliages de Marie Th\u00e9r\u00e8se\" width=\"170\" height=\"163\" srcset=\"https:\/\/livresplies.fr\/wp-content\/uploads\/Lixan-blog-M-T.jpg 265w, https:\/\/livresplies.fr\/wp-content\/uploads\/Lixan-blog-M-T-150x144.jpg 150w\" sizes=\"auto, (max-width: 170px) 100vw, 170px\" \/><\/a><\/p>\n<p><a style=\"font-weight: bold; background-color: transparent;\" href=\"http:\/\/livresplies.fr\/wp-content\/uploads\/Esther-amour-blog.jpg\"><img loading=\"lazy\" decoding=\"async\" class=\"size-full wp-image-220 \" src=\"http:\/\/livresplies.fr\/wp-content\/uploads\/Esther-amour-blog.jpg\" alt=\"Esther amour blog\" width=\"295\" height=\"283\" srcset=\"https:\/\/livresplies.fr\/wp-content\/uploads\/Esther-amour-blog.jpg 295w, https:\/\/livresplies.fr\/wp-content\/uploads\/Esther-amour-blog-150x143.jpg 150w\" sizes=\"auto, (max-width: 295px) 100vw, 295px\" \/><\/a><\/p>\n<p><a href=\"http:\/\/livresplies.fr\/wp-content\/uploads\/Isabelle-APblog.jpg\"><img loading=\"lazy\" decoding=\"async\" class=\"alignnone size-full wp-image-224\" src=\"http:\/\/livresplies.fr\/wp-content\/uploads\/Isabelle-APblog.jpg\" alt=\"Isabelle A&amp;Pblog\" width=\"253\" height=\"255\" srcset=\"https:\/\/livresplies.fr\/wp-content\/uploads\/Isabelle-APblog.jpg 253w, https:\/\/livresplies.fr\/wp-content\/uploads\/Isabelle-APblog-148x150.jpg 148w\" sizes=\"auto, (max-width: 253px) 100vw, 253px\" \/><\/a> <a href=\"http:\/\/livresplies.fr\/wp-content\/uploads\/Merci-Stephanie-blog.jpg\"><img loading=\"lazy\" decoding=\"async\" class=\"alignnone size-full wp-image-175\" src=\"http:\/\/livresplies.fr\/wp-content\/uploads\/Merci-Stephanie-blog.jpg\" alt=\"Merci Stephanie blog\" width=\"211\" height=\"170\" srcset=\"https:\/\/livresplies.fr\/wp-content\/uploads\/Merci-Stephanie-blog.jpg 211w, https:\/\/livresplies.fr\/wp-content\/uploads\/Merci-Stephanie-blog-150x120.jpg 150w\" sizes=\"auto, (max-width: 211px) 100vw, 211px\" \/><\/a><\/p>\n<p><a href=\"http:\/\/livresplies.fr\/wp-content\/uploads\/celine-blog.jpg\"><img loading=\"lazy\" decoding=\"async\" class=\"alignnone size-full wp-image-152\" src=\"http:\/\/livresplies.fr\/wp-content\/uploads\/celine-blog.jpg\" alt=\"celine blog\" width=\"190\" height=\"227\" \/><\/a> <a href=\"http:\/\/livresplies.fr\/wp-content\/uploads\/beneblogchloe.jpg\"><img loading=\"lazy\" decoding=\"async\" class=\"alignnone size-full wp-image-151\" src=\"http:\/\/livresplies.fr\/wp-content\/uploads\/beneblogchloe.jpg\" alt=\"beneblogchloe\" width=\"264\" height=\"198\" \/><\/a><\/p>\n<p>&nbsp;<\/p>\n<p>&nbsp;<\/p>\n<p>&nbsp;<\/p>\n<p>&nbsp;<\/p>\n","protected":false},"excerpt":{"rendered":"<p>Toutes les r\u00e9alisations de cette page ont \u00e9t\u00e9 r\u00e9alis\u00e9es avec les patrons de ce site . Un grand MERCI \u00e0 vous tous pour vos contributions de photos, je suis loin d&rsquo;\u00eatre en mesure de tout r\u00e9aliser. &nbsp; \ufeff &nbsp; Un joli triptyque r\u00e9alis\u00e9 par Gwen pour les fans de basket : Tutos de d\u00e9coration ici &hellip; <a href=\"https:\/\/livresplies.fr\/?page_id=81\" class=\"more-link\">Continuer la lecture de <span class=\"screen-reader-text\">Vos r\u00e9alisations<\/span>  <span class=\"meta-nav\">&rarr;<\/span><\/a><\/p>\n","protected":false},"author":1,"featured_media":0,"parent":0,"menu_order":0,"comment_status":"open","ping_status":"closed","template":"","meta":{"footnotes":""},"class_list":["post-81","page","type-page","status-publish","hentry"],"_links":{"self":[{"href":"https:\/\/livresplies.fr\/index.php?rest_route=\/wp\/v2\/pages\/81","targetHints":{"allow":["GET"]}}],"collection":[{"href":"https:\/\/livresplies.fr\/index.php?rest_route=\/wp\/v2\/pages"}],"about":[{"href":"https:\/\/livresplies.fr\/index.php?rest_route=\/wp\/v2\/types\/page"}],"author":[{"embeddable":true,"href":"https:\/\/livresplies.fr\/index.php?rest_route=\/wp\/v2\/users\/1"}],"replies":[{"embeddable":true,"href":"https:\/\/livresplies.fr\/index.php?rest_route=%2Fwp%2Fv2%2Fcomments&post=81"}],"version-history":[{"count":80,"href":"https:\/\/livresplies.fr\/index.php?rest_route=\/wp\/v2\/pages\/81\/revisions"}],"predecessor-version":[{"id":7426,"href":"https:\/\/livresplies.fr\/index.php?rest_route=\/wp\/v2\/pages\/81\/revisions\/7426"}],"wp:attachment":[{"href":"https:\/\/livresplies.fr\/index.php?rest_route=%2Fwp%2Fv2%2Fmedia&parent=81"}],"curies":[{"name":"wp","href":"https:\/\/api.w.org\/{rel}","templated":true}]}}